{"id":372,"date":"2014-11-20T10:25:49","date_gmt":"2014-11-20T10:25:49","guid":{"rendered":"http:\/\/aqualemannautique.com\/page-daccueil-2\/"},"modified":"2018-04-25T16:25:55","modified_gmt":"2018-04-25T16:25:55","slug":"page-daccueil","status":"publish","type":"page","link":"http:\/\/aqualemannautique.com\/en\/","title":{"rendered":"Home"},"content":{"rendered":"\n\t<div id=\"fws_69f25755ce406\" data-bg-mobile-hidden=\"\" class=\"wpb_row vc_row-fluid full-width-section standard_section   \"  style=\"padding-top: 0px; padding-bottom: 0px; \"><div class=\"row-bg-wrap\"> <div class=\"row-bg   \" style=\"\"><\/div> <\/div><div class=\"col span_12 dark left\">\n\t<div  class=\"vc_span12 wpb_column column_container col no-extra-padding\"  data-padding-pos=\"all\" data-hover-bg=\"\" data-animation=\"\" data-delay=\"0\">\n\t\t<div class=\"wpb_wrapper\">\n\t\t\t<div style=\"height: 650px\" class=\"parallax_slider_outer \"><div style=\"height: 650px\" data-transition=\"slide\" data-flexible-height=\"\" data-fullscreen=\"true\" data-autorotate=\"\" data-parallax=\"true\" data-full-width=\"true\" class=\"nectar-slider-wrap \" id=\"ns-id-69f25755ce915\">\n\t\t\t<div style=\"height: 650px\" class=\"swiper-container\" data-loop=\"false\" data-height=\"650\" data-min-height=\"\" data-arrows=\"true\" data-bullets=\"true\" data-desktop-swipe=\"false\" data-settings=\"\">\n\t\t\t\t    <div class=\"swiper-wrapper\"><div class=\"swiper-slide\" style=\"background-image: url(http:\/\/aqualemannautique.com\/wp-content\/uploads\/2014\/11\/2017_05_20_Red_Paddle_Bosa_0291-Copie.jpg);\" data-bg-alignment=\"center\" data-color-scheme=\"light\" data-x-pos=\"centered\" data-y-pos=\"bottom\"> \n\t\t\t\t\t\t\t\t<div class=\"container\">\n\t\t\t\t\t\t\t\t\t<div class=\"content\"><h2>France<br\/>LAC LEMAN<\/h2><p  ><span><div class=\"tiny\" style=\"padding-left:20%; padding-right:20%;\">Aqua Leman Nautique vous propose des cours et de la location de sports nautiques sur Lac Leman<\/div><\/span><\/p><\/div>\n\t\t\t\t\t\t\t\t<\/div><!--\/container--><a href=\"#\" class=\"slider-down-arrow\"><i class=\"icon-salient-down-arrow icon-default-style\"> <span class=\"ie-fix\"><\/span> <\/i><\/a><div class=\"video-texture \"> <span class=\"ie-fix\"><\/span> <\/div><\/div><!--\/swiper-slide--><\/div><div class=\"nectar-slider-loading \"> <span class=\"loading-icon \">   <\/span> <\/div> <\/div> \n\t\t\t\t\n\t\t\t<\/div><\/div>\n\t\t<\/div> \n\t<\/div> \n<\/div><\/div>\n\t<div id=\"fws_69f25755cfa12\" data-bg-mobile-hidden=\"\" class=\"wpb_row vc_row-fluid full-width-section parallax_section   \"  style=\"padding-top: 0px; padding-bottom: 0px; \"><div class=\"row-bg-wrap\"> <div class=\"row-bg   \" style=\"\"><\/div> <\/div><div class=\"col span_12 dark left\">\n\t<div  class=\"vc_span2 wpb_column column_container col no-extra-padding\"  data-padding-pos=\"all\" data-hover-bg=\"\" data-animation=\"\" data-delay=\"0\">\n\t\t<div class=\"wpb_wrapper\">\n\t\t\t\n\t\t<\/div> \n\t<\/div> \n\n\t<div  class=\"vc_span8 wpb_column column_container col no-extra-padding\"  data-padding-pos=\"all\" data-hover-bg=\"\" data-animation=\"\" data-delay=\"0\">\n\t\t<div class=\"wpb_wrapper\">\n\t\t\t<div style=\"height: 50px;\" class=\"divider\"><\/div>\n\t<div class=\"wpb_text_column wpb_content_element \">\n\t\t<div class=\"wpb_wrapper\">\n\t\t\t<h2 class=\"p1\" style=\"text-align: center;\"><b>WATER SPORTS RENTAL AND COURSES ON LAKE GENEVA<\/b><\/h2>\n\n\t\t<\/div> \n\t<\/div> \n\t\t<\/div> \n\t<\/div> \n\n\t<div  class=\"vc_span2 wpb_column column_container col no-extra-padding\"  data-padding-pos=\"all\" data-hover-bg=\"\" data-animation=\"\" data-delay=\"0\">\n\t\t<div class=\"wpb_wrapper\">\n\t\t\t\n\t\t<\/div> \n\t<\/div> \n<\/div><\/div>\n\t<div id=\"fws_69f25755cfcf1\" data-bg-mobile-hidden=\"\" class=\"wpb_row vc_row-fluid standard_section   \"  style=\"padding-top: 0px; padding-bottom: 0px; \"><div class=\"row-bg-wrap\"> <div class=\"row-bg   \" style=\"\"><\/div> <\/div><div class=\"col span_12 dark \">\n\t<div  class=\"vc_span2 wpb_column column_container col no-extra-padding\"  data-padding-pos=\"all\" data-hover-bg=\"\" data-animation=\"\" data-delay=\"0\">\n\t\t<div class=\"wpb_wrapper\">\n\t\t\t\n\t\t<\/div> \n\t<\/div> \n\n\t<div  class=\"vc_span8 wpb_column column_container col no-extra-padding\"  data-padding-pos=\"all\" data-hover-bg=\"\" data-animation=\"\" data-delay=\"0\">\n\t\t<div class=\"wpb_wrapper\">\n\t\t\t<div style=\"height: 50px;\" class=\"divider\"><\/div>\n\t<div class=\"wpb_text_column wpb_content_element \">\n\t\t<div class=\"wpb_wrapper\">\n\t\t\t<p>Aqua Leman Nautique offers water sports location and courses. \u00a0Different options are available : from a 5 day course to a half hour rental, you have the choice.<\/p>\n<p>Dont delay, we&#8217;re waiting to take you out on the water!<\/p>\n\n\t\t<\/div> \n\t<\/div> <div style=\"height: 50px;\" class=\"divider\"><\/div>\n\t\t<\/div> \n\t<\/div> \n\n\t<div  class=\"vc_span2 wpb_column column_container col no-extra-padding\"  data-padding-pos=\"all\" data-hover-bg=\"\" data-animation=\"\" data-delay=\"0\">\n\t\t<div class=\"wpb_wrapper\">\n\t\t\t\n\t\t<\/div> \n\t<\/div> \n<\/div><\/div>\n\t<div id=\"fws_69f25755d025c\" data-bg-mobile-hidden=\"\" class=\"wpb_row vc_row-fluid full-width-section parallax_section   \"  style=\"padding-top: 200px; padding-bottom: 200px; \"><div class=\"row-bg-wrap\"> <div class=\"row-bg using-image  \" style=\"background-image: url(http:\/\/aqualemannautique.com\/wp-content\/uploads\/2014\/11\/windsurfing-slide.jpg); background-position: left top; background-repeat: no-repeat; \"><\/div> <\/div><div class=\"col span_12 dark left\">\n\t<div  class=\"vc_span12 wpb_column column_container col no-extra-padding\"  data-padding-pos=\"all\" data-hover-bg=\"\" data-animation=\"\" data-delay=\"0\">\n\t\t<div class=\"wpb_wrapper\">\n\t\t\t\n\t\t<\/div> \n\t<\/div> \n<\/div><\/div>\n\t<div id=\"fws_69f25755d0372\" data-bg-mobile-hidden=\"\" class=\"wpb_row vc_row-fluid full-width-section parallax_section   \"  style=\"padding-top: 0px; padding-bottom: 0px; \"><div class=\"row-bg-wrap\"> <div class=\"row-bg   \" style=\"\"><\/div> <\/div><div class=\"col span_12 dark left\">\n\t<div  class=\"vc_span2 wpb_column column_container col no-extra-padding\"  data-padding-pos=\"all\" data-hover-bg=\"\" data-animation=\"\" data-delay=\"0\">\n\t\t<div class=\"wpb_wrapper\">\n\t\t\t\n\t\t<\/div> \n\t<\/div> \n\n\t<div  class=\"vc_span8 wpb_column column_container col no-extra-padding\"  data-padding-pos=\"all\" data-hover-bg=\"\" data-animation=\"\" data-delay=\"0\">\n\t\t<div class=\"wpb_wrapper\">\n\t\t\t<div style=\"height: 50px;\" class=\"divider\"><\/div>\n\t<div class=\"wpb_text_column wpb_content_element \">\n\t\t<div class=\"wpb_wrapper\">\n\t\t\t<h2 class=\"p1\" style=\"text-align: center;\">KAYAK, WINDSURF AND STAND UP PADDLE COURSES<\/h2>\n\n\t\t<\/div> \n\t<\/div> <div style=\"height: 30px;\" class=\"divider\"><\/div>\n\t<div class=\"wpb_text_column wpb_content_element \">\n\t\t<div class=\"wpb_wrapper\">\n\t\t\t<p>Come and discover stand up paddle, windsurfing and kayaking on one of our courses.<\/p>\n<p>Our packages allow you to choose from a range of activities of up to 5 days for those seeking perfection, or from 3, 2 or 1 day courses for those looking to learn the basics.<\/p>\n<p>So don&#8217;t delay, come and join the team at\u00a0Aqua Leman Nautique!<\/p>\n\n\t\t<\/div> \n\t<\/div> <div style=\"height: 50px;\" class=\"divider\"><\/div>\n\t\t<\/div> \n\t<\/div> \n\n\t<div  class=\"vc_span2 wpb_column column_container col no-extra-padding\"  data-padding-pos=\"all\" data-hover-bg=\"\" data-animation=\"\" data-delay=\"0\">\n\t\t<div class=\"wpb_wrapper\">\n\t\t\t\n\t\t<\/div> \n\t<\/div> \n<\/div><\/div>\n\t<div id=\"fws_69f25755d05b3\" data-bg-mobile-hidden=\"\" class=\"wpb_row vc_row-fluid standard_section   \"  style=\"padding-top: 30px; padding-bottom: 0px; \"><div class=\"row-bg-wrap\"> <div class=\"row-bg   \" style=\"\"><\/div> <\/div><div class=\"col span_12 dark left\">\n\t<div  class=\"vc_span4 wpb_column column_container col no-extra-padding\"  data-padding-pos=\"all\" data-hover-bg=\"\" data-animation=\"\" data-delay=\"0\">\n\t\t<div class=\"wpb_wrapper\">\n\t\t\t<div class=\"team-member\" data-style=\"meta_overlaid\"><div class=\"team-member-overlay\"><\/div><a href=\"\/en\/windsurf-course-lake-geneva\/\"><\/a> <div class=\"team-member-image\" style=\"background-image: url(http:\/\/aqualemannautique.com\/wp-content\/uploads\/2014\/11\/windsurfing.jpg);\"><\/div><div class=\"team-meta\"><h3>Windsurfing Courses<\/h3><p>from \u20ac40<p><\/div><\/div>\n\t\t<\/div> \n\t<\/div> \n\n\t<div  class=\"vc_span4 wpb_column column_container col no-extra-padding\"  data-padding-pos=\"all\" data-hover-bg=\"\" data-animation=\"\" data-delay=\"0\">\n\t\t<div class=\"wpb_wrapper\">\n\t\t\t<div class=\"team-member\" data-style=\"meta_overlaid\"><div class=\"team-member-overlay\"><\/div><a href=\"\/stages-de-paddle-lac-leman\/\"><\/a> <div class=\"team-member-image\" style=\"background-image: url(http:\/\/aqualemannautique.com\/wp-content\/uploads\/2014\/11\/paddle-link.jpg);\"><\/div><div class=\"team-meta\"><h3>Stages de Paddle<\/h3><p>\u00e0 partir de \u20ac30<p><\/div><\/div>\n\t\t<\/div> \n\t<\/div> \n\n\t<div  class=\"vc_span4 wpb_column column_container col no-extra-padding\"  data-padding-pos=\"all\" data-hover-bg=\"\" data-animation=\"\" data-delay=\"0\">\n\t\t<div class=\"wpb_wrapper\">\n\t\t\t<div class=\"team-member\" data-style=\"meta_overlaid\"><div class=\"team-member-overlay\"><\/div><a href=\"\/stages-de-canoe-kayak-lac-leman\/\"><\/a> <div class=\"team-member-image\" style=\"background-image: url(http:\/\/aqualemannautique.com\/wp-content\/uploads\/2014\/11\/kayak-small.jpg);\"><\/div><div class=\"team-meta\"><h3>Stage de Cano\u00eb-Kayak<\/h3><p>\u00e0 partir de \u20ac25<p><\/div><\/div>\n\t\t<\/div> \n\t<\/div> \n<\/div><\/div>\n\t<div id=\"fws_69f25755d0d12\" data-bg-mobile-hidden=\"\" class=\"wpb_row vc_row-fluid full-width-section parallax_section   \"  style=\"padding-top: 0px; padding-bottom: 0px; \"><div class=\"row-bg-wrap\"> <div class=\"row-bg   \" style=\"\"><\/div> <\/div><div class=\"col span_12 dark left\">\n\t<div  class=\"vc_span2 wpb_column column_container col no-extra-padding\"  data-padding-pos=\"all\" data-hover-bg=\"\" data-animation=\"\" data-delay=\"0\">\n\t\t<div class=\"wpb_wrapper\">\n\t\t\t\n\t\t<\/div> \n\t<\/div> \n\n\t<div  class=\"vc_span8 wpb_column column_container col no-extra-padding\"  data-padding-pos=\"all\" data-hover-bg=\"\" data-animation=\"\" data-delay=\"0\">\n\t\t<div class=\"wpb_wrapper\">\n\t\t\t<div style=\"height: 50px;\" class=\"divider\"><\/div>\n\t<div class=\"wpb_text_column wpb_content_element \">\n\t\t<div class=\"wpb_wrapper\">\n\t\t\t<h2 class=\"p1\" style=\"text-align: center;\">LOCATION MAT\u00c9RIEL \u00a0SPORT NAUTIQUE<\/h2>\n\n\t\t<\/div> \n\t<\/div> <div style=\"height: 30px;\" class=\"divider\"><\/div>\n\t<div class=\"wpb_text_column wpb_content_element \">\n\t\t<div class=\"wpb_wrapper\">\n\t\t\t<p>Vous d\u00e9sirez louer du mat\u00e9riel pour d\u00e9couvrir et \u00e9voluer \u00e0 votre propre rythme? Nous vous proposons \u00e0 la location planche de Paddle, planche \u00e0 voile pour les d\u00e9butants ou windsurf pour les plus exp\u00e9riment\u00e9s, cano\u00eb-kayak, mais aussi p\u00e9dal&#8217;os et barque \u00e0 moteur sans permis!<\/p>\n<p>Alors n&#8217;h\u00e9sitez plus, venez naviguer avec Aqua Leman Nautique!<\/p>\n\n\t\t<\/div> \n\t<\/div> <div style=\"height: 50px;\" class=\"divider\"><\/div>\n\t\t<\/div> \n\t<\/div> \n\n\t<div  class=\"vc_span2 wpb_column column_container col no-extra-padding\"  data-padding-pos=\"all\" data-hover-bg=\"\" data-animation=\"\" data-delay=\"0\">\n\t\t<div class=\"wpb_wrapper\">\n\t\t\t\n\t\t<\/div> \n\t<\/div> \n<\/div><\/div>\n\t<div id=\"fws_69f25755d0f66\" data-bg-mobile-hidden=\"\" class=\"wpb_row vc_row-fluid standard_section   \"  style=\"padding-top: 30px; padding-bottom: 0px; \"><div class=\"row-bg-wrap\"> <div class=\"row-bg   \" style=\"\"><\/div> <\/div><div class=\"col span_12 dark left\">\n\t<div  class=\"vc_span4 wpb_column column_container col no-extra-padding\"  data-padding-pos=\"all\" data-hover-bg=\"\" data-animation=\"\" data-delay=\"0\">\n\t\t<div class=\"wpb_wrapper\">\n\t\t\t<div class=\"team-member\" data-style=\"meta_overlaid\"><div class=\"team-member-overlay\"><\/div><a href=\"\/location-planche-a-voile-lac-leman\/\"><\/a> <div class=\"team-member-image\" style=\"background-image: url(http:\/\/aqualemannautique.com\/wp-content\/uploads\/2014\/12\/location-windsurf.jpg);\"><\/div><div class=\"team-meta\"><h3>Location Planche \u00e0 voile<\/h3><p>\u00e0 partir de \u20ac15<p><\/div><\/div>\n\t\t<\/div> \n\t<\/div> \n\n\t<div  class=\"vc_span4 wpb_column column_container col no-extra-padding\"  data-padding-pos=\"all\" data-hover-bg=\"\" data-animation=\"\" data-delay=\"0\">\n\t\t<div class=\"wpb_wrapper\">\n\t\t\t<div class=\"team-member\" data-style=\"meta_overlaid\"><div class=\"team-member-overlay\"><\/div><a href=\"\/location-canoe-kayak-lac-leman\/\"><\/a> <div class=\"team-member-image\" style=\"background-image: url(http:\/\/aqualemannautique.com\/wp-content\/uploads\/2014\/11\/kayak-small.jpg);\"><\/div><div class=\"team-meta\"><h3>Location Cano\u00eb-Kayak<\/h3><p>\u00e0 partir de \u20ac10<p><\/div><\/div>\n\t\t<\/div> \n\t<\/div> \n\n\t<div  class=\"vc_span4 wpb_column column_container col no-extra-padding\"  data-padding-pos=\"all\" data-hover-bg=\"\" data-animation=\"\" data-delay=\"0\">\n\t\t<div class=\"wpb_wrapper\">\n\t\t\t<div class=\"team-member\" data-style=\"meta_overlaid\"><div class=\"team-member-overlay\"><\/div><a href=\"\/location-paddle-lac-leman\/\"><\/a> <div class=\"team-member-image\" style=\"background-image: url(http:\/\/aqualemannautique.com\/wp-content\/uploads\/2014\/12\/location-paddle.jpg);\"><\/div><div class=\"team-meta\"><h3>Location Paddle<\/h3><p>\u00e0 partir de \u20ac10<p><\/div><\/div>\n\t\t<\/div> \n\t<\/div> \n<\/div><\/div>\n\t<div id=\"fws_69f25755d15ac\" data-bg-mobile-hidden=\"\" class=\"wpb_row vc_row-fluid standard_section   \"  style=\"padding-top: 0px; padding-bottom: 50px; \"><div class=\"row-bg-wrap\"> <div class=\"row-bg   \" style=\"\"><\/div> <\/div><div class=\"col span_12 dark left\">\n\t<div  class=\"vc_span4 wpb_column column_container col no-extra-padding\"  data-padding-pos=\"all\" data-hover-bg=\"\" data-animation=\"\" data-delay=\"0\">\n\t\t<div class=\"wpb_wrapper\">\n\t\t\t<div class=\"team-member\" data-style=\"meta_overlaid\"><div class=\"team-member-overlay\"><\/div><a href=\"\/location-barque-a-moteur-lac-leman\/\"><\/a> <div class=\"team-member-image\" style=\"background-image: url(http:\/\/aqualemannautique.com\/wp-content\/uploads\/2014\/12\/location-barque-a-moteur.jpg);\"><\/div><div class=\"team-meta\"><h3>Location Barque \u00e0 moteur<\/h3><p>\u00e0 partir de \u20ac30<p><\/div><\/div>\n\t\t<\/div> \n\t<\/div> \n\n\t<div  class=\"vc_span4 wpb_column column_container col no-extra-padding\"  data-padding-pos=\"all\" data-hover-bg=\"\" data-animation=\"\" data-delay=\"0\">\n\t\t<div class=\"wpb_wrapper\">\n\t\t\t<div class=\"team-member\" data-style=\"meta_overlaid\"><div class=\"team-member-overlay\"><\/div><a href=\"\/location-pedalos-lac-leman\/\"><\/a> <div class=\"team-member-image\" style=\"background-image: url(http:\/\/aqualemannautique.com\/wp-content\/uploads\/2014\/12\/location-pedalos.jpg);\"><\/div><div class=\"team-meta\"><h3>Location P\u00e9dalos<\/h3><p>\u00e0 partir de \u20ac10<p><\/div><\/div>\n\t\t<\/div> \n\t<\/div> \n\n\t<div  class=\"vc_span4 wpb_column column_container col no-extra-padding\"  data-padding-pos=\"all\" data-hover-bg=\"\" data-animation=\"\" data-delay=\"0\">\n\t\t<div class=\"wpb_wrapper\">\n\t\t\t<div class=\"team-member\" data-style=\"meta_overlaid\"><div class=\"team-member-overlay\"><\/div><a href=\"\/location-forfait-peche-lac-leman\/\"><\/a> <div class=\"team-member-image\" style=\"background-image: url(http:\/\/aqualemannautique.com\/wp-content\/uploads\/2014\/12\/location-forfait-peche.jpg);\"><\/div><div class=\"team-meta\"><h3>Forfait p\u00eache<\/h3><p>\u00e0 partir de \u20ac55<p><\/div><\/div>\n\t\t<\/div> \n\t<\/div> \n<\/div><\/div>\n\t<div id=\"fws_69f25755d1d74\" data-bg-mobile-hidden=\"\" class=\"wpb_row vc_row-fluid standard_section   \"  style=\"padding-top: 0px; padding-bottom: 0px; \"><div class=\"row-bg-wrap\"> <div class=\"row-bg   \" style=\"\"><\/div> <\/div><div class=\"col span_12 dark \">\n\t<div  class=\"vc_span12 wpb_column column_container col no-extra-padding\"  data-padding-pos=\"all\" data-hover-bg=\"\" data-animation=\"\" data-delay=\"0\">\n\t\t<div class=\"wpb_wrapper\">\n\t\t\t\n\t<div class=\"wpb_text_column wpb_content_element \">\n\t\t<div class=\"wpb_wrapper\">\n\t\t\t<p>Where to find us? in the <strong>Municipal Beach of SCIEZ (next to the port)<\/strong><\/p>\n\n\t\t<\/div> \n\t<\/div> \n\t\t<\/div> \n\t<\/div> \n<\/div><\/div>\n","protected":false},"excerpt":{"rendered":"","protected":false},"author":3,"featured_media":0,"parent":0,"menu_order":0,"comment_status":"closed","ping_status":"closed","template":"","meta":{"footnotes":""},"class_list":["post-372","page","type-page","status-publish","hentry"],"yoast_head":"<!-- This site is optimized with the Yoast SEO plugin v27.5 - https:\/\/yoast.com\/product\/yoast-seo-wordpress\/ -->\n<title>Home - Aqua L\u00e9man Nautique<\/title>\n<meta name=\"robots\" content=\"index, follow, max-snippet:-1, max-image-preview:large, max-video-preview:-1\" \/>\n<link rel=\"canonical\" href=\"https:\/\/aqualemannautique.com\/en\/\" \/>\n<meta property=\"og:locale\" content=\"en_US\" \/>\n<meta property=\"og:type\" content=\"article\" \/>\n<meta property=\"og:title\" content=\"Home - Aqua L\u00e9man Nautique\" \/>\n<meta property=\"og:url\" content=\"https:\/\/aqualemannautique.com\/en\/\" \/>\n<meta property=\"og:site_name\" content=\"Aqua L\u00e9man Nautique\" \/>\n<meta property=\"article:modified_time\" content=\"2018-04-25T16:25:55+00:00\" \/>\n<meta name=\"twitter:label1\" content=\"Est. reading time\" \/>\n\t<meta name=\"twitter:data1\" content=\"4 minutes\" \/>\n<script type=\"application\/ld+json\" class=\"yoast-schema-graph\">{\"@context\":\"https:\\\/\\\/schema.org\",\"@graph\":[{\"@type\":\"WebPage\",\"@id\":\"https:\\\/\\\/aqualemannautique.com\\\/en\\\/\",\"url\":\"https:\\\/\\\/aqualemannautique.com\\\/en\\\/\",\"name\":\"Home - Aqua L\u00e9man Nautique\",\"isPartOf\":{\"@id\":\"https:\\\/\\\/aqualemannautique.com\\\/en\\\/#website\"},\"datePublished\":\"2014-11-20T10:25:49+00:00\",\"dateModified\":\"2018-04-25T16:25:55+00:00\",\"breadcrumb\":{\"@id\":\"https:\\\/\\\/aqualemannautique.com\\\/en\\\/#breadcrumb\"},\"inLanguage\":\"en-US\",\"potentialAction\":[{\"@type\":\"ReadAction\",\"target\":[\"https:\\\/\\\/aqualemannautique.com\\\/en\\\/\"]}]},{\"@type\":\"BreadcrumbList\",\"@id\":\"https:\\\/\\\/aqualemannautique.com\\\/en\\\/#breadcrumb\",\"itemListElement\":[{\"@type\":\"ListItem\",\"position\":1,\"name\":\"Home\",\"item\":\"https:\\\/\\\/aqualemannautique.com\\\/en\\\/\"},{\"@type\":\"ListItem\",\"position\":2,\"name\":\"Home\"}]},{\"@type\":\"WebSite\",\"@id\":\"https:\\\/\\\/aqualemannautique.com\\\/en\\\/#website\",\"url\":\"https:\\\/\\\/aqualemannautique.com\\\/en\\\/\",\"name\":\"Aqua L\u00e9man Nautique\",\"description\":\"A bient\u00f4t sur l&#039;eau !\",\"publisher\":{\"@id\":\"https:\\\/\\\/aqualemannautique.com\\\/en\\\/#organization\"},\"potentialAction\":[{\"@type\":\"SearchAction\",\"target\":{\"@type\":\"EntryPoint\",\"urlTemplate\":\"https:\\\/\\\/aqualemannautique.com\\\/en\\\/?s={search_term_string}\"},\"query-input\":{\"@type\":\"PropertyValueSpecification\",\"valueRequired\":true,\"valueName\":\"search_term_string\"}}],\"inLanguage\":\"en-US\"},{\"@type\":\"Organization\",\"@id\":\"https:\\\/\\\/aqualemannautique.com\\\/en\\\/#organization\",\"name\":\"Aqua L\u00e9man Nautique\",\"url\":\"https:\\\/\\\/aqualemannautique.com\\\/en\\\/\",\"logo\":{\"@type\":\"ImageObject\",\"inLanguage\":\"en-US\",\"@id\":\"https:\\\/\\\/aqualemannautique.com\\\/en\\\/#\\\/schema\\\/logo\\\/image\\\/\",\"url\":\"http:\\\/\\\/aqualemannautique.com\\\/wp-content\\\/uploads\\\/2021\\\/09\\\/cropped-2021-basique-1.2-scaled-1.jpg\",\"contentUrl\":\"http:\\\/\\\/aqualemannautique.com\\\/wp-content\\\/uploads\\\/2021\\\/09\\\/cropped-2021-basique-1.2-scaled-1.jpg\",\"width\":2560,\"height\":807,\"caption\":\"Aqua L\u00e9man Nautique\"},\"image\":{\"@id\":\"https:\\\/\\\/aqualemannautique.com\\\/en\\\/#\\\/schema\\\/logo\\\/image\\\/\"}}]}<\/script>\n<!-- \/ Yoast SEO plugin. -->","yoast_head_json":{"title":"Home - Aqua L\u00e9man Nautique","robots":{"index":"index","follow":"follow","max-snippet":"max-snippet:-1","max-image-preview":"max-image-preview:large","max-video-preview":"max-video-preview:-1"},"canonical":"https:\/\/aqualemannautique.com\/en\/","og_locale":"en_US","og_type":"article","og_title":"Home - Aqua L\u00e9man Nautique","og_url":"https:\/\/aqualemannautique.com\/en\/","og_site_name":"Aqua L\u00e9man Nautique","article_modified_time":"2018-04-25T16:25:55+00:00","twitter_misc":{"Est. reading time":"4 minutes"},"schema":{"@context":"https:\/\/schema.org","@graph":[{"@type":"WebPage","@id":"https:\/\/aqualemannautique.com\/en\/","url":"https:\/\/aqualemannautique.com\/en\/","name":"Home - Aqua L\u00e9man Nautique","isPartOf":{"@id":"https:\/\/aqualemannautique.com\/en\/#website"},"datePublished":"2014-11-20T10:25:49+00:00","dateModified":"2018-04-25T16:25:55+00:00","breadcrumb":{"@id":"https:\/\/aqualemannautique.com\/en\/#breadcrumb"},"inLanguage":"en-US","potentialAction":[{"@type":"ReadAction","target":["https:\/\/aqualemannautique.com\/en\/"]}]},{"@type":"BreadcrumbList","@id":"https:\/\/aqualemannautique.com\/en\/#breadcrumb","itemListElement":[{"@type":"ListItem","position":1,"name":"Home","item":"https:\/\/aqualemannautique.com\/en\/"},{"@type":"ListItem","position":2,"name":"Home"}]},{"@type":"WebSite","@id":"https:\/\/aqualemannautique.com\/en\/#website","url":"https:\/\/aqualemannautique.com\/en\/","name":"Aqua L\u00e9man Nautique","description":"A bient\u00f4t sur l&#039;eau !","publisher":{"@id":"https:\/\/aqualemannautique.com\/en\/#organization"},"potentialAction":[{"@type":"SearchAction","target":{"@type":"EntryPoint","urlTemplate":"https:\/\/aqualemannautique.com\/en\/?s={search_term_string}"},"query-input":{"@type":"PropertyValueSpecification","valueRequired":true,"valueName":"search_term_string"}}],"inLanguage":"en-US"},{"@type":"Organization","@id":"https:\/\/aqualemannautique.com\/en\/#organization","name":"Aqua L\u00e9man Nautique","url":"https:\/\/aqualemannautique.com\/en\/","logo":{"@type":"ImageObject","inLanguage":"en-US","@id":"https:\/\/aqualemannautique.com\/en\/#\/schema\/logo\/image\/","url":"http:\/\/aqualemannautique.com\/wp-content\/uploads\/2021\/09\/cropped-2021-basique-1.2-scaled-1.jpg","contentUrl":"http:\/\/aqualemannautique.com\/wp-content\/uploads\/2021\/09\/cropped-2021-basique-1.2-scaled-1.jpg","width":2560,"height":807,"caption":"Aqua L\u00e9man Nautique"},"image":{"@id":"https:\/\/aqualemannautique.com\/en\/#\/schema\/logo\/image\/"}}]}},"_links":{"self":[{"href":"http:\/\/aqualemannautique.com\/en\/wp-json\/wp\/v2\/pages\/372","targetHints":{"allow":["GET"]}}],"collection":[{"href":"http:\/\/aqualemannautique.com\/en\/wp-json\/wp\/v2\/pages"}],"about":[{"href":"http:\/\/aqualemannautique.com\/en\/wp-json\/wp\/v2\/types\/page"}],"author":[{"embeddable":true,"href":"http:\/\/aqualemannautique.com\/en\/wp-json\/wp\/v2\/users\/3"}],"replies":[{"embeddable":true,"href":"http:\/\/aqualemannautique.com\/en\/wp-json\/wp\/v2\/comments?post=372"}],"version-history":[{"count":7,"href":"http:\/\/aqualemannautique.com\/en\/wp-json\/wp\/v2\/pages\/372\/revisions"}],"predecessor-version":[{"id":553,"href":"http:\/\/aqualemannautique.com\/en\/wp-json\/wp\/v2\/pages\/372\/revisions\/553"}],"wp:attachment":[{"href":"http:\/\/aqualemannautique.com\/en\/wp-json\/wp\/v2\/media?parent=372"}],"curies":[{"name":"wp","href":"https:\/\/api.w.org\/{rel}","templated":true}]}}