{"id":365,"date":"2014-12-08T14:13:40","date_gmt":"2014-12-08T14:13:40","guid":{"rendered":"http:\/\/aqualemannautique.com\/location-forfait-peche-lac-leman-2\/"},"modified":"2020-04-17T17:14:57","modified_gmt":"2020-04-17T17:14:57","slug":"location-forfait-peche-lac-leman","status":"publish","type":"page","link":"http:\/\/aqualemannautique.com\/en\/location-forfait-peche-lac-leman\/","title":{"rendered":"Forfait p\u00eache Lac Leman"},"content":{"rendered":"\n\t<div id=\"fws_69f2672195460\" data-bg-mobile-hidden=\"\" class=\"wpb_row vc_row-fluid full-width-section parallax_section   \"  style=\"padding-top: 0px; padding-bottom: 0px; \"><div class=\"row-bg-wrap\"> <div class=\"row-bg   \" style=\"\"><\/div> <\/div><div class=\"col span_12 dark left\">\n\t<div  class=\"vc_span12 wpb_column column_container col no-extra-padding\"  data-padding-pos=\"all\" data-hover-bg=\"\" data-animation=\"\" data-delay=\"0\">\n\t\t<div class=\"wpb_wrapper\">\n\t\t\t<div style=\"height: 50px;\" class=\"divider\"><\/div>\n\t<div class=\"wpb_text_column wpb_content_element \">\n\t\t<div class=\"wpb_wrapper\">\n\t\t\t<h2 style=\"text-align: center;\">FORFAIT PECHE LAC LEMAN<\/h2>\n\n\t\t<\/div> \n\t<\/div> \n\t<div class=\"wpb_text_column wpb_content_element \">\n\t\t<div class=\"wpb_wrapper\">\n\t\t\t<p style=\"text-align: center;\">PAS BESOIN D&#8217;AVOIR DE PERMIS BATEAU !<\/p>\n\n\t\t<\/div> \n\t<\/div> \n\t\t<\/div> \n\t<\/div> \n<\/div><\/div>\n\t<div id=\"fws_69f2672195832\" data-bg-mobile-hidden=\"\" class=\"wpb_row vc_row-fluid standard_section   \"  style=\"padding-top: 0px; padding-bottom: 0px; \"><div class=\"row-bg-wrap\"> <div class=\"row-bg   \" style=\"\"><\/div> <\/div><div class=\"col span_12 dark \">\n\t<div  class=\"vc_span12 wpb_column column_container col no-extra-padding\"  data-padding-pos=\"all\" data-hover-bg=\"\" data-animation=\"\" data-delay=\"0\">\n\t\t<div class=\"wpb_wrapper\">\n\t\t\t<div style=\"height: 50px;\" class=\"divider\"><\/div>\n\t<div class=\"wpb_text_column wpb_content_element \">\n\t\t<div class=\"wpb_wrapper\">\n\t\t\t<p>Forfait p\u00eache Lac l\u00e9man, Aqua Leman Nautique vous propose une barque \u00e0 moteur sans permis pour aller p\u00eacher.<\/p>\n<p><span class=\"tx\">Vous avez votre permis de p\u00eache, vos cannes et vos app\u00e2ts ?\u00a0<\/span><span class=\"tx\">Nous vous proposons une barque \u00e0 moteur :<\/span><\/p>\n<ul>\n<li><span class=\"tx f69\">\u00a0<\/span><span class=\"tx\">6 cv sans permis<\/span><\/li>\n<li><span class=\"tx\">Pour 1, 2 ou 3 personnes<\/span><\/li>\n<li><span class=\"tx\">Le carburant est inclus\u00a0\u00a0\u00a0\u00a0\u00a0<\/span><\/li>\n<li><span class=\"tx\">Tous les matins\u00a0<\/span><\/li>\n<li><span class=\"tx\">Sur r\u00e9servation la veille<\/span><\/li>\n<li><span class=\"tx\">Pi\u00e8ce d\u2019identit\u00e9 obligatoire et caution obligatoire<\/span><\/li>\n<\/ul>\n<p><strong>60\u20ac la matin\u00e9e<\/strong><\/p>\n<a class=\"nectar-button medium accent-color regular-button\"  href=\"\/contactez-nous\/\" data-color-override=\"false\"data-hover-color-override=\"false\" data-hover-text-color-override=\"#fff\"><span>Contactez nous<\/span> <\/a>\n\n\t\t<\/div> \n\t<\/div> <div style=\"height: 50px;\" class=\"divider\"><\/div>\n\t\t<\/div> \n\t<\/div> \n<\/div><\/div>\n\t<div id=\"fws_69f2672195b39\" data-bg-mobile-hidden=\"\" class=\"wpb_row vc_row-fluid standard_section   \"  style=\"padding-top: 0px; padding-bottom: 0px; \"><div class=\"row-bg-wrap\"> <div class=\"row-bg   \" style=\"\"><\/div> <\/div><div class=\"col span_12 dark \"><div class=\"col span_12\" data-animation=\"\" data-delay=\"0\">\n\t<div class=\"wpb_text_column wpb_content_element \">\n\t\t<div class=\"wpb_wrapper\">\n\t\t\t\n\t\t<\/div> \n\t<\/div> <\/div><div class=\"clear\"><\/div><\/div><\/div>\n\t<div id=\"fws_69f2672195ca9\" data-bg-mobile-hidden=\"\" class=\"wpb_row vc_row-fluid standard_section   \"  style=\"padding-top: 0px; padding-bottom: 0px; \"><div class=\"row-bg-wrap\"> <div class=\"row-bg   \" style=\"\"><\/div> <\/div><div class=\"col span_12 dark \">\n\t<div  class=\"vc_span3 wpb_column column_container col no-extra-padding\"  data-padding-pos=\"all\" data-hover-bg=\"\" data-animation=\"\" data-delay=\"0\">\n\t\t<div class=\"wpb_wrapper\">\n\t\t\t\t\n\t\n\n\t<div class=\"portfolio-wrap \">\n\t\t\t\n\t\t\t\n\t\t\t<span class=\"portfolio-loading  \">   <\/span>\n\n\t\t\t\n\t\t\t\t\t\t\n\t\t\t<div id=\"portfolio\" class=\"row portfolio-items no-masonry  \" data-starting-filter=\"default\" data-categories-to-show=\"\" data-col-num=\"cols-3\">\n\t\t\t\t\n\t\t\t<\/div><!--\/portfolio-->\n\t   <\/div><!--\/portfolio wrap-->\n\t\t\n\t\t\n\t\t<\/div> \n\t<\/div> \n\n\t<div  class=\"vc_span3 wpb_column column_container col no-extra-padding\"  data-padding-pos=\"all\" data-hover-bg=\"\" data-animation=\"\" data-delay=\"0\">\n\t\t<div class=\"wpb_wrapper\">\n\t\t\t\n\t\t<\/div> \n\t<\/div> \n\n\t<div  class=\"vc_span3 wpb_column column_container col no-extra-padding\"  data-padding-pos=\"all\" data-hover-bg=\"\" data-animation=\"\" data-delay=\"0\">\n\t\t<div class=\"wpb_wrapper\">\n\t\t\t\n\t\t<\/div> \n\t<\/div> \n\n\t<div  class=\"vc_span3 wpb_column column_container col no-extra-padding\"  data-padding-pos=\"all\" data-hover-bg=\"\" data-animation=\"\" data-delay=\"0\">\n\t\t<div class=\"wpb_wrapper\">\n\t\t\t\n\t\t<\/div> \n\t<\/div> \n<\/div><\/div>\n\t<div id=\"fws_69f2672196286\" data-bg-mobile-hidden=\"\" class=\"wpb_row vc_row-fluid standard_section   \"  style=\"padding-top: 0px; padding-bottom: 50px; \"><div class=\"row-bg-wrap\"> <div class=\"row-bg   \" style=\"\"><\/div> <\/div><div class=\"col span_12 dark left\">\n\t<div  class=\"vc_span6 wpb_column column_container col no-extra-padding\"  data-padding-pos=\"all\" data-hover-bg=\"\" data-animation=\"\" data-delay=\"0\">\n\t\t<div class=\"wpb_wrapper\">\n\t\t\t<div class=\"team-member\" data-style=\"meta_overlaid\"><div class=\"team-member-overlay\"><\/div><a href=\"\/location-barque-a-moteur-lac-leman\/\"><\/a> <div class=\"team-member-image\" style=\"background-image: url(http:\/\/aqualemannautique.com\/wp-content\/uploads\/2014\/12\/DSCN1249.jpg);\"><\/div><div class=\"team-meta\"><h3>Location Barque \u00e0 moteur Lac Leman<\/h3><p>\u00e0 partir de 45\u20ac<p><\/div><\/div><div style=\"height: 30px;\" class=\"divider\"><\/div>\n\t<div class=\"wpb_text_column wpb_content_element \">\n\t\t<div class=\"wpb_wrapper\">\n\t\t\t<h3>Location Barque \u00e0 moteur Lac Leman<\/h3>\n<p class=\"p1\"><span class=\"tx f71\">D\u00e9couvrez le Lac L\u00e9man \u00e0 votre rythme\u2026<\/span><span class=\"tx\">\u00a0<\/span><span class=\"tx f71\">sans avoir le permis bateau !<\/span><\/p>\n<p class=\"p1\"><a title=\"Location Barque \u00e0 moteur Lac Leman\" href=\"http:\/\/aqualemannautique.com\/location-barque-a-moteur-lac-leman\/\">location barque \u00e0 moteur Lac Leman<\/a><\/p>\n\n\t\t<\/div> \n\t<\/div> \n\t\t<\/div> \n\t<\/div> \n\n\t<div  class=\"vc_span6 wpb_column column_container col no-extra-padding\"  data-padding-pos=\"all\" data-hover-bg=\"\" data-animation=\"\" data-delay=\"0\">\n\t\t<div class=\"wpb_wrapper\">\n\t\t\t<div class=\"team-member\" data-style=\"meta_overlaid\"><div class=\"team-member-overlay\"><\/div><a href=\"\/location-pedalos-lac-leman\/\"><\/a> <div class=\"team-member-image\" style=\"background-image: url(http:\/\/aqualemannautique.com\/wp-content\/uploads\/2014\/12\/DSCN1119.jpg);\"><\/div><div class=\"team-meta\"><h3>Location P\u00e9dalos Lac Leman<\/h3><p>\u00e0 partir de 12\u20ac<p><\/div><\/div><div style=\"height: 30px;\" class=\"divider\"><\/div>\n\t<div class=\"wpb_text_column wpb_content_element \">\n\t\t<div class=\"wpb_wrapper\">\n\t\t\t<h3 style=\"text-align: right;\">Location de P\u00e9dalos Lac Leman<\/h3>\n<p class=\"p1\" style=\"text-align: right;\"><span class=\"tx\">Pas besoin d\u2019\u00eatre sportif, avec ou sans toboggan venez vous amuser et vous\u00a0<\/span><span class=\"tx\">d\u00e9tendre !<\/span><\/p>\n<p class=\"p1\" style=\"text-align: right;\"><a title=\"Location P\u00e9dal\u2019os Lac Leman\" href=\"http:\/\/aqualemannautique.com\/location-pedalos-lac-leman\/\">location pedalos Lac Leman<\/a><\/p>\n\n\t\t<\/div> \n\t<\/div> \n\t\t<\/div> \n\t<\/div> \n<\/div><\/div>\n\t<div id=\"fws_69f2672196ba0\" data-bg-mobile-hidden=\"\" class=\"wpb_row vc_row-fluid standard_section   \"  style=\"padding-top: 0px; padding-bottom: 0px; \"><div class=\"row-bg-wrap\"> <div class=\"row-bg   \" style=\"\"><\/div> <\/div><div class=\"col span_12 dark \">\n\t<div  class=\"vc_span12 wpb_column column_container col no-extra-padding\"  data-padding-pos=\"all\" data-hover-bg=\"\" data-animation=\"\" data-delay=\"0\">\n\t\t<div class=\"wpb_wrapper\">\n\t\t\t\n\t\t<\/div> \n\t<\/div> \n<\/div><\/div>\n","protected":false},"excerpt":{"rendered":"FORFAIT PECHE LAC LEMAN PAS BESOIN D'AVOIR DE PERMIS BATEAU ! Forfait p\u00eache Lac l\u00e9man, Aqua Leman Nautique vous propose une barque \u00e0 moteur sans permis pour aller p\u00eacher. Vous...","protected":false},"author":3,"featured_media":0,"parent":0,"menu_order":0,"comment_status":"closed","ping_status":"closed","template":"","meta":{"footnotes":""},"class_list":["post-365","page","type-page","status-publish","hentry"],"yoast_head":"<!-- This site is optimized with the Yoast SEO plugin v27.5 - https:\/\/yoast.com\/product\/yoast-seo-wordpress\/ -->\n<title>Forfait p\u00eache Lac Leman - Aqua L\u00e9man Nautique<\/title>\n<meta name=\"description\" content=\"Forfait p\u00eache Lac leman, Aqua Leman Nautique vous propose une barque \u00e0 moteur sans permis pour aller p\u00eacher\" \/>\n<meta name=\"robots\" content=\"index, follow, max-snippet:-1, max-image-preview:large, max-video-preview:-1\" \/>\n<link rel=\"canonical\" href=\"https:\/\/aqualemannautique.com\/en\/location-forfait-peche-lac-leman\/\" \/>\n<meta property=\"og:locale\" content=\"en_US\" \/>\n<meta property=\"og:type\" content=\"article\" \/>\n<meta property=\"og:title\" content=\"Forfait p\u00eache Lac Leman - Aqua L\u00e9man Nautique\" \/>\n<meta property=\"og:description\" content=\"Forfait p\u00eache Lac leman, Aqua Leman Nautique vous propose une barque \u00e0 moteur sans permis pour aller p\u00eacher\" \/>\n<meta property=\"og:url\" content=\"https:\/\/aqualemannautique.com\/en\/location-forfait-peche-lac-leman\/\" \/>\n<meta property=\"og:site_name\" content=\"Aqua L\u00e9man Nautique\" \/>\n<meta property=\"article:modified_time\" content=\"2020-04-17T17:14:57+00:00\" \/>\n<meta name=\"twitter:label1\" content=\"Est. reading time\" \/>\n\t<meta name=\"twitter:data1\" content=\"2 minutes\" \/>\n<script type=\"application\/ld+json\" class=\"yoast-schema-graph\">{\"@context\":\"https:\\\/\\\/schema.org\",\"@graph\":[{\"@type\":\"WebPage\",\"@id\":\"https:\\\/\\\/aqualemannautique.com\\\/en\\\/location-forfait-peche-lac-leman\\\/\",\"url\":\"https:\\\/\\\/aqualemannautique.com\\\/en\\\/location-forfait-peche-lac-leman\\\/\",\"name\":\"Forfait p\u00eache Lac Leman - Aqua L\u00e9man Nautique\",\"isPartOf\":{\"@id\":\"https:\\\/\\\/aqualemannautique.com\\\/en\\\/#website\"},\"datePublished\":\"2014-12-08T14:13:40+00:00\",\"dateModified\":\"2020-04-17T17:14:57+00:00\",\"description\":\"Forfait p\u00eache Lac leman, Aqua Leman Nautique vous propose une barque \u00e0 moteur sans permis pour aller p\u00eacher\",\"breadcrumb\":{\"@id\":\"https:\\\/\\\/aqualemannautique.com\\\/en\\\/location-forfait-peche-lac-leman\\\/#breadcrumb\"},\"inLanguage\":\"en-US\",\"potentialAction\":[{\"@type\":\"ReadAction\",\"target\":[\"https:\\\/\\\/aqualemannautique.com\\\/en\\\/location-forfait-peche-lac-leman\\\/\"]}]},{\"@type\":\"BreadcrumbList\",\"@id\":\"https:\\\/\\\/aqualemannautique.com\\\/en\\\/location-forfait-peche-lac-leman\\\/#breadcrumb\",\"itemListElement\":[{\"@type\":\"ListItem\",\"position\":1,\"name\":\"Home\",\"item\":\"https:\\\/\\\/aqualemannautique.com\\\/en\\\/\"},{\"@type\":\"ListItem\",\"position\":2,\"name\":\"Forfait p\u00eache Lac Leman\"}]},{\"@type\":\"WebSite\",\"@id\":\"https:\\\/\\\/aqualemannautique.com\\\/en\\\/#website\",\"url\":\"https:\\\/\\\/aqualemannautique.com\\\/en\\\/\",\"name\":\"Aqua L\u00e9man Nautique\",\"description\":\"A bient\u00f4t sur l&#039;eau !\",\"publisher\":{\"@id\":\"https:\\\/\\\/aqualemannautique.com\\\/en\\\/#organization\"},\"potentialAction\":[{\"@type\":\"SearchAction\",\"target\":{\"@type\":\"EntryPoint\",\"urlTemplate\":\"https:\\\/\\\/aqualemannautique.com\\\/en\\\/?s={search_term_string}\"},\"query-input\":{\"@type\":\"PropertyValueSpecification\",\"valueRequired\":true,\"valueName\":\"search_term_string\"}}],\"inLanguage\":\"en-US\"},{\"@type\":\"Organization\",\"@id\":\"https:\\\/\\\/aqualemannautique.com\\\/en\\\/#organization\",\"name\":\"Aqua L\u00e9man Nautique\",\"url\":\"https:\\\/\\\/aqualemannautique.com\\\/en\\\/\",\"logo\":{\"@type\":\"ImageObject\",\"inLanguage\":\"en-US\",\"@id\":\"https:\\\/\\\/aqualemannautique.com\\\/en\\\/#\\\/schema\\\/logo\\\/image\\\/\",\"url\":\"http:\\\/\\\/aqualemannautique.com\\\/wp-content\\\/uploads\\\/2021\\\/09\\\/cropped-2021-basique-1.2-scaled-1.jpg\",\"contentUrl\":\"http:\\\/\\\/aqualemannautique.com\\\/wp-content\\\/uploads\\\/2021\\\/09\\\/cropped-2021-basique-1.2-scaled-1.jpg\",\"width\":2560,\"height\":807,\"caption\":\"Aqua L\u00e9man Nautique\"},\"image\":{\"@id\":\"https:\\\/\\\/aqualemannautique.com\\\/en\\\/#\\\/schema\\\/logo\\\/image\\\/\"}}]}<\/script>\n<!-- \/ Yoast SEO plugin. -->","yoast_head_json":{"title":"Forfait p\u00eache Lac Leman - Aqua L\u00e9man Nautique","description":"Forfait p\u00eache Lac leman, Aqua Leman Nautique vous propose une barque \u00e0 moteur sans permis pour aller p\u00eacher","robots":{"index":"index","follow":"follow","max-snippet":"max-snippet:-1","max-image-preview":"max-image-preview:large","max-video-preview":"max-video-preview:-1"},"canonical":"https:\/\/aqualemannautique.com\/en\/location-forfait-peche-lac-leman\/","og_locale":"en_US","og_type":"article","og_title":"Forfait p\u00eache Lac Leman - Aqua L\u00e9man Nautique","og_description":"Forfait p\u00eache Lac leman, Aqua Leman Nautique vous propose une barque \u00e0 moteur sans permis pour aller p\u00eacher","og_url":"https:\/\/aqualemannautique.com\/en\/location-forfait-peche-lac-leman\/","og_site_name":"Aqua L\u00e9man Nautique","article_modified_time":"2020-04-17T17:14:57+00:00","twitter_misc":{"Est. reading time":"2 minutes"},"schema":{"@context":"https:\/\/schema.org","@graph":[{"@type":"WebPage","@id":"https:\/\/aqualemannautique.com\/en\/location-forfait-peche-lac-leman\/","url":"https:\/\/aqualemannautique.com\/en\/location-forfait-peche-lac-leman\/","name":"Forfait p\u00eache Lac Leman - Aqua L\u00e9man Nautique","isPartOf":{"@id":"https:\/\/aqualemannautique.com\/en\/#website"},"datePublished":"2014-12-08T14:13:40+00:00","dateModified":"2020-04-17T17:14:57+00:00","description":"Forfait p\u00eache Lac leman, Aqua Leman Nautique vous propose une barque \u00e0 moteur sans permis pour aller p\u00eacher","breadcrumb":{"@id":"https:\/\/aqualemannautique.com\/en\/location-forfait-peche-lac-leman\/#breadcrumb"},"inLanguage":"en-US","potentialAction":[{"@type":"ReadAction","target":["https:\/\/aqualemannautique.com\/en\/location-forfait-peche-lac-leman\/"]}]},{"@type":"BreadcrumbList","@id":"https:\/\/aqualemannautique.com\/en\/location-forfait-peche-lac-leman\/#breadcrumb","itemListElement":[{"@type":"ListItem","position":1,"name":"Home","item":"https:\/\/aqualemannautique.com\/en\/"},{"@type":"ListItem","position":2,"name":"Forfait p\u00eache Lac Leman"}]},{"@type":"WebSite","@id":"https:\/\/aqualemannautique.com\/en\/#website","url":"https:\/\/aqualemannautique.com\/en\/","name":"Aqua L\u00e9man Nautique","description":"A bient\u00f4t sur l&#039;eau !","publisher":{"@id":"https:\/\/aqualemannautique.com\/en\/#organization"},"potentialAction":[{"@type":"SearchAction","target":{"@type":"EntryPoint","urlTemplate":"https:\/\/aqualemannautique.com\/en\/?s={search_term_string}"},"query-input":{"@type":"PropertyValueSpecification","valueRequired":true,"valueName":"search_term_string"}}],"inLanguage":"en-US"},{"@type":"Organization","@id":"https:\/\/aqualemannautique.com\/en\/#organization","name":"Aqua L\u00e9man Nautique","url":"https:\/\/aqualemannautique.com\/en\/","logo":{"@type":"ImageObject","inLanguage":"en-US","@id":"https:\/\/aqualemannautique.com\/en\/#\/schema\/logo\/image\/","url":"http:\/\/aqualemannautique.com\/wp-content\/uploads\/2021\/09\/cropped-2021-basique-1.2-scaled-1.jpg","contentUrl":"http:\/\/aqualemannautique.com\/wp-content\/uploads\/2021\/09\/cropped-2021-basique-1.2-scaled-1.jpg","width":2560,"height":807,"caption":"Aqua L\u00e9man Nautique"},"image":{"@id":"https:\/\/aqualemannautique.com\/en\/#\/schema\/logo\/image\/"}}]}},"_links":{"self":[{"href":"http:\/\/aqualemannautique.com\/en\/wp-json\/wp\/v2\/pages\/365","targetHints":{"allow":["GET"]}}],"collection":[{"href":"http:\/\/aqualemannautique.com\/en\/wp-json\/wp\/v2\/pages"}],"about":[{"href":"http:\/\/aqualemannautique.com\/en\/wp-json\/wp\/v2\/types\/page"}],"author":[{"embeddable":true,"href":"http:\/\/aqualemannautique.com\/en\/wp-json\/wp\/v2\/users\/3"}],"replies":[{"embeddable":true,"href":"http:\/\/aqualemannautique.com\/en\/wp-json\/wp\/v2\/comments?post=365"}],"version-history":[{"count":7,"href":"http:\/\/aqualemannautique.com\/en\/wp-json\/wp\/v2\/pages\/365\/revisions"}],"predecessor-version":[{"id":691,"href":"http:\/\/aqualemannautique.com\/en\/wp-json\/wp\/v2\/pages\/365\/revisions\/691"}],"wp:attachment":[{"href":"http:\/\/aqualemannautique.com\/en\/wp-json\/wp\/v2\/media?parent=365"}],"curies":[{"name":"wp","href":"https:\/\/api.w.org\/{rel}","templated":true}]}}